{"id":800,"date":"2024-02-13T16:04:46","date_gmt":"2024-02-13T15:04:46","guid":{"rendered":"https:\/\/be-cold.be\/?page_id=800"},"modified":"2024-02-13T16:19:04","modified_gmt":"2024-02-13T15:19:04","slug":"privacy-beleid","status":"publish","type":"page","link":"https:\/\/be-cold.be\/fr\/politique-de-confidentialite\/","title":{"rendered":"Politique de confidentialit\u00e9"},"content":{"rendered":"<div data-elementor-type=\"wp-page\" data-elementor-id=\"800\" class=\"elementor elementor-800\" data-elementor-post-type=\"page\">\n\t\t\t\t<div class=\"elementor-element elementor-element-60e0fd1 e-flex e-con-boxed e-con e-parent\" data-id=\"60e0fd1\" data-element_type=\"container\" data-e-type=\"container\" data-settings=\"{&quot;jet_parallax_layout_list&quot;:[]}\">\n\t\t\t\t\t<div class=\"e-con-inner\">\n\t\t\t\t<div class=\"elementor-element elementor-element-e72e3c1 elementor-widget elementor-widget-heading\" data-id=\"e72e3c1\" data-element_type=\"widget\" data-e-type=\"widget\" data-widget_type=\"heading.default\">\n\t\t\t\t<div class=\"elementor-widget-container\">\n\t\t\t\t\t<h1 class=\"elementor-heading-title elementor-size-default\">Politique de confidentialit\u00e9<\/h1>\t\t\t\t<\/div>\n\t\t\t\t<\/div>\n\t\t\t\t<div class=\"elementor-element elementor-element-eaf6ab9 elementor-widget elementor-widget-text-editor\" data-id=\"eaf6ab9\" data-element_type=\"widget\" data-e-type=\"widget\" data-widget_type=\"text-editor.default\">\n\t\t\t\t<div class=\"elementor-widget-container\">\n\t\t\t\t\t\t\t\t\t<p><strong>Cette page a \u00e9t\u00e9 modifi\u00e9e pour la derni\u00e8re fois le 13\/02\/2024.<\/strong><\/p><p>Nous sommes conscients de la confiance que vous nous accordez. Nous consid\u00e9rons donc qu'il est de notre responsabilit\u00e9 de prot\u00e9ger votre vie priv\u00e9e.<\/p><p>Sur cette page, nous vous indiquons quelles donn\u00e9es nous collectons lorsque vous utilisez notre site web, pourquoi nous collectons ces donn\u00e9es et comment nous les utilisons pour am\u00e9liorer votre exp\u00e9rience d'utilisateur. Vous comprenez ainsi exactement comment nous travaillons.<\/p><p>Cette politique de confidentialit\u00e9 s'applique aux services de Be-Cold. Vous devez savoir que Be-Cold n'est pas responsable des politiques de confidentialit\u00e9 des autres sites et sources.<\/p><p>En utilisant ce site web, vous indiquez que vous acceptez la politique de confidentialit\u00e9. Be-Cold respecte la vie priv\u00e9e de tous les utilisateurs de son site et veille \u00e0 ce que les informations personnelles que vous nous fournissez soient trait\u00e9es de mani\u00e8re confidentielle.<\/p><h2>NOTRE UTILISATION DES DONN\u00c9ES COLLECT\u00c9ES<\/h2><p>Lorsque vous vous inscrivez \u00e0 l'un de nos services, nous vous demandons de fournir des donn\u00e9es personnelles. Ces donn\u00e9es sont utilis\u00e9es pour ex\u00e9cuter le service. Les donn\u00e9es sont stock\u00e9es sur les serveurs s\u00e9curis\u00e9s de Be-Cold ou sur ceux d'un tiers.<\/p><p>Nous ne combinerons pas ces donn\u00e9es avec d'autres donn\u00e9es \u00e0 caract\u00e8re personnel en notre possession. Communications Lorsque vous nous envoyez des courriers \u00e9lectroniques ou d'autres messages, nous pouvons conserver ces messages.<\/p><p>Parfois, nous vous demanderons de nous communiquer vos donn\u00e9es personnelles en rapport avec la situation en question. Cela nous permet de traiter vos questions et de r\u00e9pondre \u00e0 vos demandes. Les donn\u00e9es seront stock\u00e9es sur les propres serveurs s\u00e9curis\u00e9s de Be-Cold ou sur ceux d'un tiers.\u00a0<\/p><p>Nous collectons des donn\u00e9es \u00e0 des fins de recherche afin de mieux comprendre nos visiteurs et d'adapter nos services aux besoins et exigences de nos clients et de nos contacts en g\u00e9n\u00e9ral.<\/p><p>Ce site web utilise des \"cookies\" (fichiers texte plac\u00e9s sur votre ordinateur) pour aider le site web \u00e0 analyser l'utilisation qu'en font les utilisateurs. Les informations g\u00e9n\u00e9r\u00e9es par les cookies concernant votre utilisation du site peuvent \u00eatre transf\u00e9r\u00e9es vers les serveurs s\u00e9curis\u00e9s de Be-Cold ou ceux d'un tiers.<\/p><p>Nous utilisons ces informations pour savoir comment vous utilisez le site web, pour compiler des rapports sur l'activit\u00e9 du site web et pour offrir d'autres services li\u00e9s \u00e0 l'activit\u00e9 du site web et \u00e0 l'utilisation de l'internet.\u00a0<\/p><h2>OBJECTIFS<\/h2><p>Nous ne collectons ni n'utilisons d'informations \u00e0 des fins autres que celles d\u00e9crites dans la pr\u00e9sente politique de confidentialit\u00e9, sauf si nous avons obtenu votre consentement pr\u00e9alable.<\/p><h2>TREIZE<\/h2><p>Les informations ne sont pas communiqu\u00e9es \u00e0 des tiers. Dans certains cas, les informations peuvent \u00eatre partag\u00e9es en interne. Nos employ\u00e9s sont tenus de respecter la confidentialit\u00e9 de vos donn\u00e9es.<\/p><p>Nous utilisons des cookies g\u00e9n\u00e9r\u00e9s par un fichier javascript de Google Analytics qui vise \u00e0 fournir \u00e0 Be-Cold des donn\u00e9es statistiques sur les visiteurs du site web et leur comportement de navigation. Vous trouverez plus d'informations \u00e0 ce sujet sur cette page d'information sur la protection de la vie priv\u00e9e.<\/p><h2>CHANGEMENTS<\/h2><p>Cette d\u00e9claration de confidentialit\u00e9 est adapt\u00e9e \u00e0 l'utilisation et aux fonctionnalit\u00e9s de ce site. Toute adaptation et\/ou modification de ce site peut entra\u00eener des changements dans la pr\u00e9sente d\u00e9claration de confidentialit\u00e9. Il est donc conseill\u00e9 de consulter r\u00e9guli\u00e8rement cette d\u00e9claration de confidentialit\u00e9.<\/p><h2>CHOIX POUR LES DONN\u00c9ES PERSONNELLES<\/h2><p>Nous offrons \u00e0 tous les visiteurs la possibilit\u00e9 de consulter, de modifier ou de supprimer les informations personnelles qu'ils nous ont fournies. Ajuster\/d\u00e9sabonner le service de newsletter Au bas de chaque (e)mailing, vous trouverez l'option d'ajuster vos donn\u00e9es ou de vous d\u00e9sabonner. Ajuster\/d\u00e9sabonner la communication Si vous souhaitez ajuster vos donn\u00e9es ou vous faire supprimer de nos fichiers, veuillez nous contacter. Voir les coordonn\u00e9es ci-dessous.<\/p><h2>D\u00c9SACTIVER LES COOKIES<\/h2><p>La plupart des navigateurs sont configur\u00e9s pour accepter les cookies par d\u00e9faut, mais vous pouvez r\u00e9initialiser votre navigateur pour qu'il refuse tous les cookies ou pour qu'il indique quand un cookie est envoy\u00e9. Toutefois, certaines fonctionnalit\u00e9s et certains services, sur notre site ou sur d'autres sites, peuvent ne pas fonctionner correctement si les cookies sont d\u00e9sactiv\u00e9s dans votre navigateur.<\/p><h2>QUESTIONS ET COMMENTAIRES<\/h2><p>Nous v\u00e9rifions r\u00e9guli\u00e8rement notre conformit\u00e9 avec cette politique de confidentialit\u00e9. Si vous avez des questions concernant cette politique de confidentialit\u00e9, veuillez nous contacter :<\/p>\t\t\t\t\t\t\t\t<\/div>\n\t\t\t\t<\/div>\n\t\t\t\t<div class=\"elementor-element elementor-element-bf17946 elementor-icon-list--layout-traditional elementor-list-item-link-full_width elementor-widget elementor-widget-icon-list\" data-id=\"bf17946\" data-element_type=\"widget\" data-e-type=\"widget\" data-widget_type=\"icon-list.default\">\n\t\t\t\t<div class=\"elementor-widget-container\">\n\t\t\t\t\t\t\t<ul class=\"elementor-icon-list-items\">\n\t\t\t\t\t\t\t<li class=\"elementor-icon-list-item\">\n\t\t\t\t\t\t\t\t\t\t\t<span class=\"elementor-icon-list-icon\">\n\t\t\t\t\t\t\t<i aria-hidden=\"true\" class=\"fal fa-building\"><\/i>\t\t\t\t\t\t<\/span>\n\t\t\t\t\t\t\t\t\t\t<span class=\"elementor-icon-list-text\"><b>Be-Cold asbl<\/b><\/span>\n\t\t\t\t\t\t\t\t\t<\/li>\n\t\t\t\t\t\t\t\t<li class=\"elementor-icon-list-item\">\n\t\t\t\t\t\t\t\t\t\t\t<a href=\"https:\/\/www.google.com\/maps\/place\/Leest-Dorp+3,+2811+Mechelen\/@51.0330837,4.4156866,17z\/data=!3m1!4b1!4m6!3m5!1s0x47c3ef41e51dd661:0x368a22b71213c1a8!8m2!3d51.0330804!4d4.4182615!16s%2Fg%2F11cskfpxq7?entry=ttu\" target=\"_blank\">\n\n\t\t\t\t\t\t\t\t\t\t\t\t<span class=\"elementor-icon-list-icon\">\n\t\t\t\t\t\t\t<svg aria-hidden=\"true\" class=\"e-font-icon-svg e-far-map\" viewbox=\"0 0 576 512\" xmlns=\"http:\/\/www.w3.org\/2000\/svg\"><path d=\"M560.02 32c-1.96 0-3.98.37-5.96 1.16L384.01 96H384L212 35.28A64.252 64.252 0 0 0 191.76 32c-6.69 0-13.37 1.05-19.81 3.14L20.12 87.95A32.006 32.006 0 0 0 0 117.66v346.32C0 473.17 7.53 480 15.99 480c1.96 0 3.97-.37 5.96-1.16L192 416l172 60.71a63.98 63.98 0 0 0 40.05.15l151.83-52.81A31.996 31.996 0 0 0 576 394.34V48.02c0-9.19-7.53-16.02-15.98-16.02zM224 90.42l128 45.19v285.97l-128-45.19V90.42zM48 418.05V129.07l128-44.53v286.2l-.64.23L48 418.05zm480-35.13l-128 44.53V141.26l.64-.24L528 93.95v288.97z\"><\/path><\/svg>\t\t\t\t\t\t<\/span>\n\t\t\t\t\t\t\t\t\t\t<span class=\"elementor-icon-list-text\">Village de lecture 3<br>2811 Lectures<\/span>\n\t\t\t\t\t\t\t\t\t\t\t<\/a>\n\t\t\t\t\t\t\t\t\t<\/li>\n\t\t\t\t\t\t\t\t<li class=\"elementor-icon-list-item\">\n\t\t\t\t\t\t\t\t\t\t\t<a href=\"tel:+32%20488%20963%20627\">\n\n\t\t\t\t\t\t\t\t\t\t\t\t<span class=\"elementor-icon-list-icon\">\n\t\t\t\t\t\t\t<i aria-hidden=\"true\" class=\"fal fa-mobile-android\"><\/i>\t\t\t\t\t\t<\/span>\n\t\t\t\t\t\t\t\t\t\t<span class=\"elementor-icon-list-text\">+32 488 963 627<\/span>\n\t\t\t\t\t\t\t\t\t\t\t<\/a>\n\t\t\t\t\t\t\t\t\t<\/li>\n\t\t\t\t\t\t\t\t<li class=\"elementor-icon-list-item\">\n\t\t\t\t\t\t\t\t\t\t\t<a href=\"mailto:becold@be-cold.be\">\n\n\t\t\t\t\t\t\t\t\t\t\t\t<span class=\"elementor-icon-list-icon\">\n\t\t\t\t\t\t\t<i aria-hidden=\"true\" class=\"fal fa-envelope-open\"><\/i>\t\t\t\t\t\t<\/span>\n\t\t\t\t\t\t\t\t\t\t<span class=\"elementor-icon-list-text\">becold@be-cold.be<\/span>\n\t\t\t\t\t\t\t\t\t\t\t<\/a>\n\t\t\t\t\t\t\t\t\t<\/li>\n\t\t\t\t\t\t\t\t<li class=\"elementor-icon-list-item\">\n\t\t\t\t\t\t\t\t\t\t\t<span class=\"elementor-icon-list-icon\">\n\t\t\t\t\t\t\t<svg aria-hidden=\"true\" class=\"e-font-icon-svg e-fas-info\" viewbox=\"0 0 192 512\" xmlns=\"http:\/\/www.w3.org\/2000\/svg\"><path d=\"M20 424.229h20V279.771H20c-11.046 0-20-8.954-20-20V212c0-11.046 8.954-20 20-20h112c11.046 0 20 8.954 20 20v212.229h20c11.046 0 20 8.954 20 20V492c0 11.046-8.954 20-20 20H20c-11.046 0-20-8.954-20-20v-47.771c0-11.046 8.954-20 20-20zM96 0C56.235 0 24 32.235 24 72s32.235 72 72 72 72-32.235 72-72S135.764 0 96 0z\"><\/path><\/svg>\t\t\t\t\t\t<\/span>\n\t\t\t\t\t\t\t\t\t\t<span class=\"elementor-icon-list-text\">BE 0831 609 803<\/span>\n\t\t\t\t\t\t\t\t\t<\/li>\n\t\t\t\t\t\t<\/ul>\n\t\t\t\t\t\t<\/div>\n\t\t\t\t<\/div>\n\t\t\t\t\t<\/div>\n\t\t\t\t<\/div>\n\t\t\t\t<\/div>","protected":false},"excerpt":{"rendered":"<p>Privacy beleid Deze pagina is voor het laatst aangepast op 13\/02\/2024. Wij zijn er van bewust dat u vertrouwen stelt in ons. Wij zien het dan ook als onze verantwoordelijkheid om\u00a0uw privacy te beschermen. Op deze pagina laten we u weten welke gegevens we verzamelen als u onze website gebruikt, waarom we deze gegevens verzamelen [&hellip;]<\/p>\n","protected":false},"author":2,"featured_media":0,"parent":0,"menu_order":0,"comment_status":"closed","ping_status":"closed","template":"","meta":{"_seopress_robots_primary_cat":"","_seopress_titles_title":"","_seopress_titles_desc":"","_seopress_robots_index":"","iawp_total_views":48,"footnotes":""},"class_list":["post-800","page","type-page","status-publish","hentry"],"_links":{"self":[{"href":"https:\/\/be-cold.be\/fr\/wp-json\/wp\/v2\/pages\/800","targetHints":{"allow":["GET"]}}],"collection":[{"href":"https:\/\/be-cold.be\/fr\/wp-json\/wp\/v2\/pages"}],"about":[{"href":"https:\/\/be-cold.be\/fr\/wp-json\/wp\/v2\/types\/page"}],"author":[{"embeddable":true,"href":"https:\/\/be-cold.be\/fr\/wp-json\/wp\/v2\/users\/2"}],"replies":[{"embeddable":true,"href":"https:\/\/be-cold.be\/fr\/wp-json\/wp\/v2\/comments?post=800"}],"version-history":[{"count":16,"href":"https:\/\/be-cold.be\/fr\/wp-json\/wp\/v2\/pages\/800\/revisions"}],"predecessor-version":[{"id":825,"href":"https:\/\/be-cold.be\/fr\/wp-json\/wp\/v2\/pages\/800\/revisions\/825"}],"wp:attachment":[{"href":"https:\/\/be-cold.be\/fr\/wp-json\/wp\/v2\/media?parent=800"}],"curies":[{"name":"wp","href":"https:\/\/api.w.org\/{rel}","templated":true}]}}